{"id":345,"date":"2019-10-17T13:31:47","date_gmt":"2019-10-17T11:31:47","guid":{"rendered":"https:\/\/apa-gmbh.com\/impressum\/"},"modified":"2025-06-13T12:26:44","modified_gmt":"2025-06-13T10:26:44","slug":"impressum","status":"publish","type":"page","link":"https:\/\/apa-gmbh.com\/en\/impressum\/","title":{"rendered":"Impressum"},"content":{"rendered":"<p><strong><span id=\"impressum_heads\">Firma<\/span>\u00a0\u00a0\u00a0\u00a0APA Abwassertechnik GmbH<\/strong> <br \/><span id=\"impressum_heads\">Rechtsform<\/span> \u00a0\u00a0\u00a0Gesellschaft mit beschr\u00e4nkter Haftung<br \/><span id=\"impressum_heads\">Gesch\u00e4ftsf\u00fchrer<\/span>\u00a0 Dipl.-Ing. Frank Bader<br \/><span id=\"impressum_heads\">Adresse<\/span>\u00a0\u00a0\u00a0\u00a0Meisenstr. 27\u00a0\u00a074629 Pfedelbach<br \/><br \/><span id=\"impressum_heads\">Telefon<\/span>\u00a0\u00a0\u00a0\u00a007941 \/ 6074 -0 <br \/><span id=\"impressum_heads\">Telefax<\/span>\u00a0\u00a0\u00a0\u00a007941 \/ 6074 -34 <br \/><br \/><span id=\"impressum_heads\">mail<\/span> \u00a0\u00a0\u00a0info@apa-gmbh.com<br \/><span id=\"impressum_heads\">web<\/span>\u00a0\u00a0\u00a0\u00a0http:\/\/www.apa-gmbh.com <br \/><br \/><span id=\"impressum_heads\">UStID<\/span>\u00a0\u00a0\u00a0\u00a0DE 146278716<br \/><span id=\"impressum_heads\">Gericht<\/span>\u00a0\u00a0\u00a0\u00a0Amtsgericht Stuttgart <br \/><span id=\"impressum_heads\">Handelsregister<\/span>\u00a0\u00a0\u00a0\u00a0HRB 580 592<br \/><br \/><strong><span id=\"impressum_heads\">Verantwortlich&#8230;<\/span><\/strong> <br \/><span id=\"impressum_heads\">&#8230;f\u00fcr den Inhalt<\/span>\u00a0\u00a0\u00a0\u00a0APA Abwassertechnik GmbH <br \/><br \/><br \/><strong><span id=\"headline_1\">Rechtshinweise<\/span> <\/strong><br \/><br \/>Das Landgericht Hamburg hat mit Urteil vom 12.05.1998 entschieden, dass man durch die Ausbringung eines Links die Inhalte der gelinkten Seite ggf. mit zu verantworten hat. Dies kann &#8211; so das LG &#8211; nur dadurch verhindert werden, dass man sich ausdr\u00fccklich von diesen Inhalten distanziert. Der Inhaber von apa-gmbh.com hat keinerlei Einfluss auf die Gestaltung und die Inhalte der gelinkten Seiten. Deshalb distanzieren wir uns hiermit ausdr\u00fccklich von allen Inhalten aller gelinkten Seiten auf allen Webseiten von apa-gmbh.com.<\/p>\r\n<p><br \/><span id=\"headline_1\"><strong>Urheberrecht<\/strong> <\/span><\/p>\r\n<p><br \/>Die Texte und Grafiken auf allen Seiten von apa-gmbh.com unterliegen &#8211; soweit nicht ausdr\u00fccklich andere Urheber angegeben sind &#8211; dem Copyright der APA Abwassertechnik GmbH. Die Vervielf\u00e4ltigung von Informationen oder Daten, insbesondere die Verwendung von Texten, Textteilen oder Bildmaterial bedarf der vorherigen schriftlichen Zustimmung des Inhabers.<\/p>\r\n","protected":false},"excerpt":{"rendered":"<p>Firma\u00a0\u00a0\u00a0\u00a0APA Abwassertechnik GmbH Rechtsform \u00a0\u00a0\u00a0Gesellschaft mit beschr\u00e4nkter HaftungGesch\u00e4ftsf\u00fchrer\u00a0 Dipl.-Ing. Frank BaderAdresse\u00a0\u00a0\u00a0\u00a0Meisenstr. 27\u00a0\u00a074629 Pfedelbach Telefon\u00a0\u00a0\u00a0\u00a007941 \/ 6074 -0 Telefax\u00a0\u00a0\u00a0\u00a007941 \/ 6074 -34 mail \u00a0\u00a0\u00a0info@apa-gmbh.comweb\u00a0\u00a0\u00a0\u00a0http:\/\/www.apa-gmbh.com UStID\u00a0\u00a0\u00a0\u00a0DE 146278716Gericht\u00a0\u00a0\u00a0\u00a0Amtsgericht Stuttgart<span class=\"excerpt-hellip\"> [\u2026]<\/span><\/p>\n","protected":false},"author":1,"featured_media":340,"parent":0,"menu_order":0,"comment_status":"closed","ping_status":"open","template":"","meta":{"footnotes":""},"class_list":["post-345","page","type-page","status-publish","has-post-thumbnail","hentry"],"yoast_head":"<!-- This site is optimized with the Yoast SEO plugin v26.8 - https:\/\/yoast.com\/product\/yoast-seo-wordpress\/ -->\n<title>Impressum - APA GmbH<\/title>\n<meta name=\"robots\" content=\"index, follow, max-snippet:-1, max-image-preview:large, max-video-preview:-1\" \/>\n<link rel=\"canonical\" href=\"https:\/\/apa-gmbh.com\/en\/impressum\/\" \/>\n<meta property=\"og:locale\" content=\"en_US\" \/>\n<meta property=\"og:type\" content=\"article\" \/>\n<meta property=\"og:title\" content=\"Impressum - APA GmbH\" \/>\n<meta property=\"og:description\" content=\"Firma\u00a0\u00a0\u00a0\u00a0APA Abwassertechnik GmbH Rechtsform \u00a0\u00a0\u00a0Gesellschaft mit beschr\u00e4nkter HaftungGesch\u00e4ftsf\u00fchrer\u00a0 Dipl.-Ing. Frank BaderAdresse\u00a0\u00a0\u00a0\u00a0Meisenstr. 27\u00a0\u00a074629 Pfedelbach Telefon\u00a0\u00a0\u00a0\u00a007941 \/ 6074 -0 Telefax\u00a0\u00a0\u00a0\u00a007941 \/ 6074 -34 mail \u00a0\u00a0\u00a0info@apa-gmbh.comweb\u00a0\u00a0\u00a0\u00a0http:\/\/www.apa-gmbh.com UStID\u00a0\u00a0\u00a0\u00a0DE 146278716Gericht\u00a0\u00a0\u00a0\u00a0Amtsgericht Stuttgart [\u2026]\" \/>\n<meta property=\"og:url\" content=\"https:\/\/apa-gmbh.com\/en\/impressum\/\" \/>\n<meta property=\"og:site_name\" content=\"APA GmbH\" \/>\n<meta property=\"article:modified_time\" content=\"2025-06-13T10:26:44+00:00\" \/>\n<meta property=\"og:image\" content=\"https:\/\/apa-gmbh.com\/wp-content\/uploads\/2019\/10\/slider-3.jpg\" \/>\n\t<meta property=\"og:image:width\" content=\"1920\" \/>\n\t<meta property=\"og:image:height\" content=\"918\" \/>\n\t<meta property=\"og:image:type\" content=\"image\/jpeg\" \/>\n<meta name=\"twitter:card\" content=\"summary_large_image\" \/>\n<meta name=\"twitter:label1\" content=\"Est. reading time\" \/>\n\t<meta name=\"twitter:data1\" content=\"1 minute\" \/>\n<script type=\"application\/ld+json\" class=\"yoast-schema-graph\">{\"@context\":\"https:\/\/schema.org\",\"@graph\":[{\"@type\":\"WebPage\",\"@id\":\"https:\/\/apa-gmbh.com\/en\/impressum\/\",\"url\":\"https:\/\/apa-gmbh.com\/en\/impressum\/\",\"name\":\"Impressum - APA GmbH\",\"isPartOf\":{\"@id\":\"https:\/\/apa-gmbh.com\/en\/#website\"},\"primaryImageOfPage\":{\"@id\":\"https:\/\/apa-gmbh.com\/en\/impressum\/#primaryimage\"},\"image\":{\"@id\":\"https:\/\/apa-gmbh.com\/en\/impressum\/#primaryimage\"},\"thumbnailUrl\":\"https:\/\/apa-gmbh.com\/wp-content\/uploads\/2019\/10\/slider-3.jpg\",\"datePublished\":\"2019-10-17T11:31:47+00:00\",\"dateModified\":\"2025-06-13T10:26:44+00:00\",\"breadcrumb\":{\"@id\":\"https:\/\/apa-gmbh.com\/en\/impressum\/#breadcrumb\"},\"inLanguage\":\"en-US\",\"potentialAction\":[{\"@type\":\"ReadAction\",\"target\":[\"https:\/\/apa-gmbh.com\/en\/impressum\/\"]}]},{\"@type\":\"ImageObject\",\"inLanguage\":\"en-US\",\"@id\":\"https:\/\/apa-gmbh.com\/en\/impressum\/#primaryimage\",\"url\":\"https:\/\/apa-gmbh.com\/wp-content\/uploads\/2019\/10\/slider-3.jpg\",\"contentUrl\":\"https:\/\/apa-gmbh.com\/wp-content\/uploads\/2019\/10\/slider-3.jpg\",\"width\":1920,\"height\":918},{\"@type\":\"BreadcrumbList\",\"@id\":\"https:\/\/apa-gmbh.com\/en\/impressum\/#breadcrumb\",\"itemListElement\":[{\"@type\":\"ListItem\",\"position\":1,\"name\":\"Startseite\",\"item\":\"https:\/\/apa-gmbh.com\/en\/\"},{\"@type\":\"ListItem\",\"position\":2,\"name\":\"Impressum\"}]},{\"@type\":\"WebSite\",\"@id\":\"https:\/\/apa-gmbh.com\/en\/#website\",\"url\":\"https:\/\/apa-gmbh.com\/en\/\",\"name\":\"APA-GmbH.com\",\"description\":\"Kompetenz in Regenwasserbehandlung\",\"publisher\":{\"@id\":\"https:\/\/apa-gmbh.com\/en\/#organization\"},\"potentialAction\":[{\"@type\":\"SearchAction\",\"target\":{\"@type\":\"EntryPoint\",\"urlTemplate\":\"https:\/\/apa-gmbh.com\/en\/?s={search_term_string}\"},\"query-input\":{\"@type\":\"PropertyValueSpecification\",\"valueRequired\":true,\"valueName\":\"search_term_string\"}}],\"inLanguage\":\"en-US\"},{\"@type\":\"Organization\",\"@id\":\"https:\/\/apa-gmbh.com\/en\/#organization\",\"name\":\"APA Abwassertechnik GmbH\",\"url\":\"https:\/\/apa-gmbh.com\/en\/\",\"logo\":{\"@type\":\"ImageObject\",\"inLanguage\":\"en-US\",\"@id\":\"https:\/\/apa-gmbh.com\/en\/#\/schema\/logo\/image\/\",\"url\":\"https:\/\/apa-gmbh.com\/wp-content\/uploads\/2019\/10\/ICON_apple.png\",\"contentUrl\":\"https:\/\/apa-gmbh.com\/wp-content\/uploads\/2019\/10\/ICON_apple.png\",\"width\":180,\"height\":180,\"caption\":\"APA Abwassertechnik GmbH\"},\"image\":{\"@id\":\"https:\/\/apa-gmbh.com\/en\/#\/schema\/logo\/image\/\"}}]}<\/script>\n<!-- \/ Yoast SEO plugin. -->","yoast_head_json":{"title":"Impressum - APA GmbH","robots":{"index":"index","follow":"follow","max-snippet":"max-snippet:-1","max-image-preview":"max-image-preview:large","max-video-preview":"max-video-preview:-1"},"canonical":"https:\/\/apa-gmbh.com\/en\/impressum\/","og_locale":"en_US","og_type":"article","og_title":"Impressum - APA GmbH","og_description":"Firma\u00a0\u00a0\u00a0\u00a0APA Abwassertechnik GmbH Rechtsform \u00a0\u00a0\u00a0Gesellschaft mit beschr\u00e4nkter HaftungGesch\u00e4ftsf\u00fchrer\u00a0 Dipl.-Ing. Frank BaderAdresse\u00a0\u00a0\u00a0\u00a0Meisenstr. 27\u00a0\u00a074629 Pfedelbach Telefon\u00a0\u00a0\u00a0\u00a007941 \/ 6074 -0 Telefax\u00a0\u00a0\u00a0\u00a007941 \/ 6074 -34 mail \u00a0\u00a0\u00a0info@apa-gmbh.comweb\u00a0\u00a0\u00a0\u00a0http:\/\/www.apa-gmbh.com UStID\u00a0\u00a0\u00a0\u00a0DE 146278716Gericht\u00a0\u00a0\u00a0\u00a0Amtsgericht Stuttgart [\u2026]","og_url":"https:\/\/apa-gmbh.com\/en\/impressum\/","og_site_name":"APA GmbH","article_modified_time":"2025-06-13T10:26:44+00:00","og_image":[{"width":1920,"height":918,"url":"https:\/\/apa-gmbh.com\/wp-content\/uploads\/2019\/10\/slider-3.jpg","type":"image\/jpeg"}],"twitter_card":"summary_large_image","twitter_misc":{"Est. reading time":"1 minute"},"schema":{"@context":"https:\/\/schema.org","@graph":[{"@type":"WebPage","@id":"https:\/\/apa-gmbh.com\/en\/impressum\/","url":"https:\/\/apa-gmbh.com\/en\/impressum\/","name":"Impressum - APA GmbH","isPartOf":{"@id":"https:\/\/apa-gmbh.com\/en\/#website"},"primaryImageOfPage":{"@id":"https:\/\/apa-gmbh.com\/en\/impressum\/#primaryimage"},"image":{"@id":"https:\/\/apa-gmbh.com\/en\/impressum\/#primaryimage"},"thumbnailUrl":"https:\/\/apa-gmbh.com\/wp-content\/uploads\/2019\/10\/slider-3.jpg","datePublished":"2019-10-17T11:31:47+00:00","dateModified":"2025-06-13T10:26:44+00:00","breadcrumb":{"@id":"https:\/\/apa-gmbh.com\/en\/impressum\/#breadcrumb"},"inLanguage":"en-US","potentialAction":[{"@type":"ReadAction","target":["https:\/\/apa-gmbh.com\/en\/impressum\/"]}]},{"@type":"ImageObject","inLanguage":"en-US","@id":"https:\/\/apa-gmbh.com\/en\/impressum\/#primaryimage","url":"https:\/\/apa-gmbh.com\/wp-content\/uploads\/2019\/10\/slider-3.jpg","contentUrl":"https:\/\/apa-gmbh.com\/wp-content\/uploads\/2019\/10\/slider-3.jpg","width":1920,"height":918},{"@type":"BreadcrumbList","@id":"https:\/\/apa-gmbh.com\/en\/impressum\/#breadcrumb","itemListElement":[{"@type":"ListItem","position":1,"name":"Startseite","item":"https:\/\/apa-gmbh.com\/en\/"},{"@type":"ListItem","position":2,"name":"Impressum"}]},{"@type":"WebSite","@id":"https:\/\/apa-gmbh.com\/en\/#website","url":"https:\/\/apa-gmbh.com\/en\/","name":"APA-GmbH.com","description":"Kompetenz in Regenwasserbehandlung","publisher":{"@id":"https:\/\/apa-gmbh.com\/en\/#organization"},"potentialAction":[{"@type":"SearchAction","target":{"@type":"EntryPoint","urlTemplate":"https:\/\/apa-gmbh.com\/en\/?s={search_term_string}"},"query-input":{"@type":"PropertyValueSpecification","valueRequired":true,"valueName":"search_term_string"}}],"inLanguage":"en-US"},{"@type":"Organization","@id":"https:\/\/apa-gmbh.com\/en\/#organization","name":"APA Abwassertechnik GmbH","url":"https:\/\/apa-gmbh.com\/en\/","logo":{"@type":"ImageObject","inLanguage":"en-US","@id":"https:\/\/apa-gmbh.com\/en\/#\/schema\/logo\/image\/","url":"https:\/\/apa-gmbh.com\/wp-content\/uploads\/2019\/10\/ICON_apple.png","contentUrl":"https:\/\/apa-gmbh.com\/wp-content\/uploads\/2019\/10\/ICON_apple.png","width":180,"height":180,"caption":"APA Abwassertechnik GmbH"},"image":{"@id":"https:\/\/apa-gmbh.com\/en\/#\/schema\/logo\/image\/"}}]}},"_links":{"self":[{"href":"https:\/\/apa-gmbh.com\/en\/wp-json\/wp\/v2\/pages\/345","targetHints":{"allow":["GET"]}}],"collection":[{"href":"https:\/\/apa-gmbh.com\/en\/wp-json\/wp\/v2\/pages"}],"about":[{"href":"https:\/\/apa-gmbh.com\/en\/wp-json\/wp\/v2\/types\/page"}],"author":[{"embeddable":true,"href":"https:\/\/apa-gmbh.com\/en\/wp-json\/wp\/v2\/users\/1"}],"replies":[{"embeddable":true,"href":"https:\/\/apa-gmbh.com\/en\/wp-json\/wp\/v2\/comments?post=345"}],"version-history":[{"count":3,"href":"https:\/\/apa-gmbh.com\/en\/wp-json\/wp\/v2\/pages\/345\/revisions"}],"predecessor-version":[{"id":684,"href":"https:\/\/apa-gmbh.com\/en\/wp-json\/wp\/v2\/pages\/345\/revisions\/684"}],"wp:featuredmedia":[{"embeddable":true,"href":"https:\/\/apa-gmbh.com\/en\/wp-json\/wp\/v2\/media\/340"}],"wp:attachment":[{"href":"https:\/\/apa-gmbh.com\/en\/wp-json\/wp\/v2\/media?parent=345"}],"curies":[{"name":"wp","href":"https:\/\/api.w.org\/{rel}","templated":true}]}}